{"id":6,"date":"2022-01-08T12:02:23","date_gmt":"2022-01-08T12:02:23","guid":{"rendered":"https:\/\/www.apartmany-hvezdicka.cz\/?page_id=6"},"modified":"2022-01-08T12:02:23","modified_gmt":"2022-01-08T12:02:23","slug":"otevira-se-nove-umoma-2","status":"publish","type":"page","link":"https:\/\/www.apartmany-hvezdicka.cz\/","title":{"rendered":"Otev\u00edr\u00e1 se nov\u00e9 UMoMA"},"content":{"rendered":"<div class=\"wp-block-group alignwide\"><div class=\"wp-block-group__inner-container is-layout-flow wp-block-group-is-layout-flow\"><h2 class=\"has-text-align-center wp-block-heading\">Nov\u00e1 destinace modern\u00edho um\u011bn\u00ed na severu \u0160v\u00e9dska. Otev\u0159eno denn\u011b v letn\u00edch m\u011bs\u00edc\u00edch od 10:00 do 18:00.<\/h2><\/div><\/div><div class=\"wp-block-columns alignwide is-layout-flex wp-container-core-columns-is-layout-28f84493 wp-block-columns-is-layout-flex\"><div class=\"wp-block-column is-layout-flow wp-block-column-is-layout-flow\"><div class=\"wp-block-group\"><div class=\"wp-block-group__inner-container is-layout-flow wp-block-group-is-layout-flow\"><figure class=\"wp-block-image alignfull size-full\"><img decoding=\"async\" src=\"https:\/\/www.apartmany-hvezdicka.cz\/wp-content\/themes\/twentytwenty\/assets\/images\/2020-three-quarters-1.png\" alt=\"\" class=\"wp-image-37\"\/><\/figure><h3 class=\"wp-block-heading\">Pr\u00e1ce a dny<\/h3><p>1. srpna \u2013 1. prosince<\/p><div class=\"wp-block-button is-style-outline is-style-outline--1\"><a class=\"wp-block-button__link\" href=\"https:\/\/make.wordpress.org\/core\/2019\/09\/27\/block-editor-theme-related-updates-in-wordpress-5-3\/\">V\u00edce<\/a><\/div><\/div><\/div><div class=\"wp-block-group\"><div class=\"wp-block-group__inner-container is-layout-flow wp-block-group-is-layout-flow\"><figure class=\"wp-block-image alignfull size-full\"><img decoding=\"async\" src=\"https:\/\/www.apartmany-hvezdicka.cz\/wp-content\/themes\/twentytwenty\/assets\/images\/2020-three-quarters-3.png\" alt=\"\" class=\"wp-image-37\"\/><\/figure><h3 class=\"wp-block-heading\">Boji\u0161t\u011b<\/h3><p>1. \u0159\u00edjna \u2013 1. prosince<\/p><div class=\"wp-block-button is-style-outline is-style-outline--2\"><a class=\"wp-block-button__link\" href=\"https:\/\/make.wordpress.org\/core\/2019\/09\/27\/block-editor-theme-related-updates-in-wordpress-5-3\/\">V\u00edce<\/a><\/div><\/div><\/div><\/div><div class=\"wp-block-column is-layout-flow wp-block-column-is-layout-flow\"><div class=\"wp-block-group\"><div class=\"wp-block-group__inner-container is-layout-flow wp-block-group-is-layout-flow\"><figure class=\"wp-block-image alignfull size-full\"><img decoding=\"async\" src=\"https:\/\/www.apartmany-hvezdicka.cz\/wp-content\/themes\/twentytwenty\/assets\/images\/2020-three-quarters-2.png\" alt=\"\" class=\"wp-image-37\"\/><\/figure><h3 class=\"wp-block-heading\">\u017divot, kter\u00fd si zaslou\u017e\u00edm<\/h3><p>1. srpna \u2013 1. prosince<\/p><div class=\"wp-block-button is-style-outline is-style-outline--3\"><a class=\"wp-block-button__link\" href=\"https:\/\/make.wordpress.org\/core\/2019\/09\/27\/block-editor-theme-related-updates-in-wordpress-5-3\/\">V\u00edce<\/a><\/div><\/div><\/div><div class=\"wp-block-group\"><div class=\"wp-block-group__inner-container is-layout-flow wp-block-group-is-layout-flow\"><figure class=\"wp-block-image alignfull size-full\"><img decoding=\"async\" src=\"https:\/\/www.apartmany-hvezdicka.cz\/wp-content\/themes\/twentytwenty\/assets\/images\/2020-three-quarters-4.png\" alt=\"\" class=\"wp-image-37\"\/><\/figure><h3 class=\"wp-block-heading\">Od Signaca po Matisse<\/h3><p>1. \u0159\u00edjna \u2013 1. prosince<\/p><div class=\"wp-block-button is-style-outline is-style-outline--4\"><a class=\"wp-block-button__link\" href=\"https:\/\/make.wordpress.org\/core\/2019\/09\/27\/block-editor-theme-related-updates-in-wordpress-5-3\/\">V\u00edce<\/a><\/div><\/div><\/div><\/div><\/div><figure class=\"wp-block-image alignfull size-full\"><img decoding=\"async\" src=\"https:\/\/www.apartmany-hvezdicka.cz\/wp-content\/themes\/twentytwenty\/assets\/images\/2020-landscape-2.png\" alt=\"\" class=\"wp-image-37\"\/><\/figure><div class=\"wp-block-group alignwide\"><div class=\"wp-block-group__inner-container is-layout-flow wp-block-group-is-layout-flow\"><h2 class=\"has-accent-color has-text-align-center wp-block-heading\">\u201eCyborgov\u00e9, jak ustanovila filozofka Donna Haraway, nejsou d\u016fstojn\u00ed. Nepamatuj\u00ed si vesm\u00edr.\u201c<\/h2><\/div><\/div><p class=\"has-drop-cap\">Se sedmi podlahami p\u016fsobiv\u00e9 architektury se UMoMA vyzna\u010duje v\u00fdstavami sou\u010dasn\u00e9ho mezin\u00e1rodn\u00edho um\u011bn\u00ed, n\u011bkdy i s um\u011bleckou historickou retrospektivou. K na\u0161emu programu pat\u0159\u00ed existenci\u00e1ln\u00ed, politick\u00e9 a filozofick\u00e9 ot\u00e1zky. Jste zv\u00e1ni na prohl\u00eddky komentovan\u00fdch v\u00fdstav, p\u0159edn\u00e1\u0161ek, filmov\u00e1 prom\u00edt\u00e1n\u00ed a spousty dal\u0161\u00edch akc\u00ed s bezplatn\u00fdm vstupem<\/p><p>V\u00fdstavy tvo\u0159\u00ed UMoMA ve spolupr\u00e1ci s um\u011blci a muzei po cel\u00e9m sv\u011bt\u011b a \u010dasto p\u0159itahuj\u00ed mezin\u00e1rodn\u00ed pozornost. UMoMA obdr\u017eelo zvl\u00e1\u0161tn\u00ed ocen\u011bn\u00ed Evropsk\u00e9ho muzea roku a bylo jedn\u00edm z nejlep\u0161\u00edch kandid\u00e1t\u016f na ocen\u011bn\u00ed \u0161v\u00e9dsk\u00e9ho muzea roku a tak\u00e9 na cenu muzea Rady Evropy.<\/p><p><\/p><div class=\"wp-block-group alignwide has-background\" style=\"background-color:#ffffff\"><div class=\"wp-block-group__inner-container is-layout-flow wp-block-group-is-layout-flow\"><div class=\"wp-block-group\"><div class=\"wp-block-group__inner-container is-layout-flow wp-block-group-is-layout-flow\"><h2 class=\"has-text-align-center wp-block-heading\">Sta\u0148te se \u010dlenem a z\u00edskejte exkluzivn\u00ed nab\u00eddky!<\/h2><p class=\"has-text-align-center\">\u010clenov\u00e9 z\u00edskaj\u00ed p\u0159\u00edstup k exkluzivn\u00edm expon\u00e1t\u016fm a nab\u00eddk\u00e1m. Na\u0161e \u010dlenstv\u00ed stoj\u00ed 1 999,99,-K\u010d a je \u00fa\u010dtov\u00e1no ro\u010dn\u011b.<\/p><div class=\"wp-block-button aligncenter\"><a class=\"wp-block-button__link\" href=\"https:\/\/make.wordpress.org\/core\/2019\/09\/27\/block-editor-theme-related-updates-in-wordpress-5-3\/\">St\u00e1t se \u010dlenem<\/a><\/div><\/div><\/div><\/div><\/div><figure class=\"wp-block-gallery alignwide columns-2 is-cropped wp-block-gallery-5 is-layout-flex wp-block-gallery-is-layout-flex\"><ul class=\"blocks-gallery-grid\"><li class=\"blocks-gallery-item\"><figure><img decoding=\"async\" src=\"https:\/\/www.apartmany-hvezdicka.cz\/wp-content\/themes\/twentytwenty\/assets\/images\/2020-square-2.png\" alt=\"\" data-id=\"39\" data-full-url=\"https:\/\/www.apartmany-hvezdicka.cz\/wp-content\/themes\/twentytwenty\/assets\/images\/2020-square-2.png\" data-link=\"assets\/images\/2020-square-2\/\" class=\"wp-image-39\"\/><\/figure><\/li><li class=\"blocks-gallery-item\"><figure><img decoding=\"async\" src=\"https:\/\/www.apartmany-hvezdicka.cz\/wp-content\/themes\/twentytwenty\/assets\/images\/2020-square-1.png\" alt=\"\" data-id=\"38\" data-full-url=\"https:\/\/www.apartmany-hvezdicka.cz\/wp-content\/themes\/twentytwenty\/assets\/images\/2020-square-1.png\" data-link=\"https:\/\/www.apartmany-hvezdicka.cz\/wp-content\/themes\/twentytwenty\/assets\/images\/2020-square-1\/\" class=\"wp-image-38\"\/><\/figure><\/li><\/ul><\/figure>","protected":false},"excerpt":{"rendered":"<p>Nov\u00e1 destinace modern\u00edho um\u011bn\u00ed na severu \u0160v\u00e9dska. Otev\u0159eno denn\u011b v letn\u00edch m\u011bs\u00edc\u00edch od 10:00 do 18:00. Pr\u00e1ce a dny 1. srpna \u2013 1. prosince Boji\u0161t\u011b 1. \u0159\u00edjna \u2013 1. prosince \u017divot, kter\u00fd si zaslou\u017e\u00edm 1. srpna \u2013 1. prosince Od Signaca po Matisse 1. \u0159\u00edjna \u2013 1. prosince \u201eCyborgov\u00e9, jak ustanovila filozofka Donna Haraway, nejsou [&hellip;]<\/p>\n","protected":false},"author":1,"featured_media":5,"parent":0,"menu_order":0,"comment_status":"closed","ping_status":"closed","template":"","meta":{"footnotes":""},"class_list":["post-6","page","type-page","status-publish","has-post-thumbnail","hentry"],"_links":{"self":[{"href":"https:\/\/www.apartmany-hvezdicka.cz\/index.php?rest_route=\/wp\/v2\/pages\/6","targetHints":{"allow":["GET"]}}],"collection":[{"href":"https:\/\/www.apartmany-hvezdicka.cz\/index.php?rest_route=\/wp\/v2\/pages"}],"about":[{"href":"https:\/\/www.apartmany-hvezdicka.cz\/index.php?rest_route=\/wp\/v2\/types\/page"}],"author":[{"embeddable":true,"href":"https:\/\/www.apartmany-hvezdicka.cz\/index.php?rest_route=\/wp\/v2\/users\/1"}],"replies":[{"embeddable":true,"href":"https:\/\/www.apartmany-hvezdicka.cz\/index.php?rest_route=%2Fwp%2Fv2%2Fcomments&post=6"}],"version-history":[{"count":1,"href":"https:\/\/www.apartmany-hvezdicka.cz\/index.php?rest_route=\/wp\/v2\/pages\/6\/revisions"}],"predecessor-version":[{"id":12,"href":"https:\/\/www.apartmany-hvezdicka.cz\/index.php?rest_route=\/wp\/v2\/pages\/6\/revisions\/12"}],"wp:featuredmedia":[{"embeddable":true,"href":"https:\/\/www.apartmany-hvezdicka.cz\/index.php?rest_route=\/wp\/v2\/media\/5"}],"wp:attachment":[{"href":"https:\/\/www.apartmany-hvezdicka.cz\/index.php?rest_route=%2Fwp%2Fv2%2Fmedia&parent=6"}],"curies":[{"name":"wp","href":"https:\/\/api.w.org\/{rel}","templated":true}]}}